{"id":7612,"date":"2025-06-25T14:20:56","date_gmt":"2025-06-25T13:20:56","guid":{"rendered":"https:\/\/comax-egypt.com\/?post_type=product&#038;p=7612"},"modified":"2025-06-27T10:52:44","modified_gmt":"2025-06-27T09:52:44","slug":"robot-coupe-j-80-automatic-juice-extractor","status":"publish","type":"product","link":"https:\/\/comax-egypt.com\/?product=robot-coupe-j-80-automatic-juice-extractor","title":{"rendered":"Robot Coupe J 80 Automatic Juice Extractor"},"content":{"rendered":"<p>J 80 Automatic Juice Extractor is perfect for small cafes, restaurants and bars who wish to add a touch of freshness to their menu &#8211; by offering fruit and vegetable juices. Efficient, quiet and with a fast ROI<\/p>\n<p>Characteristics and product comparison<\/p>\n<p>J 80<\/p>\n<p>J 80 Buffet<\/p>\n<p>J 100<br \/>\nInduction<br \/>\nmotor Yes Yes Yes<br \/>\nWattage 700 W 700 W 1000 W<br \/>\nVoltage Single phase Single phase Single phase<br \/>\nOutput 120 L\/h 120 L\/h 160 L\/h<br \/>\nFeed tube(s) Automatic \u00d8 79 mm Automatic \u00d8 79 mm Automatic \u00d8 79 mm<br \/>\nBowl Stainless steel Stainless steel Stainless steel<br \/>\nFilter Stainless steel Stainless steel Stainless steel<br \/>\nGrating disc Stainless steel Stainless steel Stainless steel &#8211; For intensive use<br \/>\nUseful height under spout 155 mm 177 mm 251 mm<br \/>\nType of service Glass, Jug Glass, Jug Glass, Jug, Blender Jug<br \/>\nNo-splash spout Yes &#8211; One size Yes &#8211; Two sizes Yes &#8211; Two sizes<br \/>\nDrip tray Yes Yes &#8211; Large capacity Yes &#8211; Large capacity<br \/>\nAutomatic pulp ejection Yes Yes Yes<br \/>\nTranslucent pulp container 6.5 L 6.5 L 7.2 L<br \/>\nContinuous pulp ejection chute &#8211; &#8211; Yes<br \/>\nNet weight (kg) 11 11 14<br \/>\nGross weight (kg) 13 13 15<br \/>\nDimensions<br \/>\n(L x W x H) mm 235 x 535 x 500 260 x 565 x 595 260 x 565 x 630<\/p>\n<p>&nbsp;<\/p>\n<p>&nbsp;<\/p>\n<p>Product brochure<\/p>\n<p><a href=\"https:\/\/www.robot-coupe.com\/rbc\/asset\/get?download=1&amp;lang=en&amp;product=18378&amp;asset=27505&amp;market=25099\">https:\/\/www.robot-coupe.com\/rbc\/asset\/get?download=1&amp;lang=en&amp;product=18378&amp;asset=27505&amp;market=25099<\/a><\/p>\n<p><iframe loading=\"lazy\" title=\"Robot-Coupe J80 Your machine\" width=\"660\" height=\"371\" src=\"https:\/\/www.youtube.com\/embed\/LkPNrJQcmj4?feature=oembed\" frameborder=\"0\" allow=\"accelerometer; autoplay; clipboard-write; encrypted-media; gyroscope; picture-in-picture; web-share\" referrerpolicy=\"strict-origin-when-cross-origin\" allowfullscreen><\/iframe><\/p>\n","protected":false},"excerpt":{"rendered":"<p>J 80 Automatic Juice Extractor is perfect for small cafes, restaurants and bars who wish to add a touch of freshness to their menu &#8211; by offering fruit and vegetable juices. Efficient, quiet and with a fast ROI Characteristics and product comparison J 80 J 80 Buffet J 100 Induction motor Yes Yes Yes Wattage &hellip; <a href=\"https:\/\/comax-egypt.com\/?product=robot-coupe-j-80-automatic-juice-extractor\" class=\"more-link\">Continue reading <span class=\"screen-reader-text\">Robot Coupe J 80 Automatic Juice Extractor<\/span><\/a><\/p>\n","protected":false},"featured_media":7840,"comment_status":"open","ping_status":"closed","template":"","meta":[],"product_brand":[],"product_cat":[120,117],"product_tag":[],"class_list":{"0":"post-7612","1":"product","2":"type-product","3":"status-publish","4":"has-post-thumbnail","6":"product_cat-robot-coupe","7":"product_cat-orange-fruit-squeezer","10":"instock","11":"shipping-taxable","12":"product-type-simple"},"_links":{"self":[{"href":"https:\/\/comax-egypt.com\/index.php?rest_route=\/wp\/v2\/product\/7612","targetHints":{"allow":["GET"]}}],"collection":[{"href":"https:\/\/comax-egypt.com\/index.php?rest_route=\/wp\/v2\/product"}],"about":[{"href":"https:\/\/comax-egypt.com\/index.php?rest_route=\/wp\/v2\/types\/product"}],"replies":[{"embeddable":true,"href":"https:\/\/comax-egypt.com\/index.php?rest_route=%2Fwp%2Fv2%2Fcomments&post=7612"}],"wp:featuredmedia":[{"embeddable":true,"href":"https:\/\/comax-egypt.com\/index.php?rest_route=\/wp\/v2\/media\/7840"}],"wp:attachment":[{"href":"https:\/\/comax-egypt.com\/index.php?rest_route=%2Fwp%2Fv2%2Fmedia&parent=7612"}],"wp:term":[{"taxonomy":"product_brand","embeddable":true,"href":"https:\/\/comax-egypt.com\/index.php?rest_route=%2Fwp%2Fv2%2Fproduct_brand&post=7612"},{"taxonomy":"product_cat","embeddable":true,"href":"https:\/\/comax-egypt.com\/index.php?rest_route=%2Fwp%2Fv2%2Fproduct_cat&post=7612"},{"taxonomy":"product_tag","embeddable":true,"href":"https:\/\/comax-egypt.com\/index.php?rest_route=%2Fwp%2Fv2%2Fproduct_tag&post=7612"}],"curies":[{"name":"wp","href":"https:\/\/api.w.org\/{rel}","templated":true}]}}